{"id":85,"date":"2018-05-25T22:10:15","date_gmt":"2018-05-25T20:10:15","guid":{"rendered":"http:\/\/orichalcum.topory.org\/?page_id=85"},"modified":"2023-06-23T10:32:13","modified_gmt":"2023-06-23T08:32:13","slug":"wstep-na-orichalcum","status":"publish","type":"page","link":"https:\/\/orichalcum.topory.org\/index.php\/informacje\/wstep-na-orichalcum\/","title":{"rendered":"Wst\u0119p na Orichalcum"},"content":{"rendered":"<p><span style=\"font-weight: 400;\">Orichalcum jest konwentem p\u00f3\u0142otwartym tzn., \u017ce aby uzyska\u0107 wst\u0119p na konwent, nale\u017cy wype\u0142ni\u0107 formularz zg\u0142oszeniowy:<\/span><\/p>\n<p>LINK DO ZAPIS\u00d3W: <a class=\"x1i10hfl xjbqb8w x6umtig x1b1mbwd xaqea5y xav7gou x9f619 x1ypdohk xt0psk2 xe8uvvx xdj266r x11i5rnm xat24cr x1mh8g0r xexx8yu x4uap5 x18d9i69 xkhd6sd x16tdsg8 x1hl2dhg xggy1nq x1a2a7pz xt0b8zv x1fey0fg\" tabindex=\"0\" role=\"link\" href=\"https:\/\/forms.gle\/U8piw3bvaHARJ8nL6?fbclid=IwAR0SdG7v_oQAsoQkVrWybMafFxGhGgkqZUH8Bvz-6A7So-S4cVci2THBQJI\" target=\"_blank\" rel=\"nofollow noopener noreferrer\">https:\/\/forms.gle\/U8piw3bvaHARJ8nL6<\/a><\/p>\n<p><span style=\"font-weight: 400;\">Taka forma umo\u017cliwia organizatorom orientacje, co do liczby konwentowicz\u00f3w, co jest konieczne, poniewa\u017c w odr\u00f3\u017cnieniu od wi\u0119kszo\u015bci konwent\u00f3w na naszym ka\u017cdy z uczestnik\u00f3w ma mo\u017cliwo\u015b\u0107 uczestniczy\u0107 w sesjach RPG, a co za tym idzie, organizatorzy musz\u0105 zapewni\u0107 odpowiedni\u0105 ilo\u015b\u0107 MG oraz miejsc do grania.<\/span><\/p>\n<p><span style=\"font-weight: 400;\">UWAGA: Osoby niepe\u0142noletnie wst\u0119p na konwent mog\u0105 uzyska\u0107, jedynie za pisemn\u0105 zgod\u0105 rodzica b\u0105d\u017a prawnego opiekuna.<\/span><\/p>\n<p><span style=\"font-weight: 400;\">Termin wysy\u0142ania zg\u0142osze\u0144 ubiega 3 lipca.<\/span><\/p>\n<h2><b>Op\u0142ata za wst\u0119p na Orichalcum<\/b><\/h2>\n<p><span style=\"font-weight: 400;\">Op\u0142ata akredytacyjna wynosi 99 z\u0142. W ramach tej kwoty otrzymujesz:<\/span><\/p>\n<ul>\n<li style=\"font-weight: 400;\" aria-level=\"1\"><span style=\"font-weight: 400;\">dwudniow\u0105 akredytacj\u0119,<\/span><\/li>\n<li style=\"font-weight: 400;\" aria-level=\"1\"><span style=\"font-weight: 400;\">miejsce na polu namiotowym<\/span><\/li>\n<\/ul>\n<p><span style=\"font-weight: 400;\">Pieni\u0105dze nale\u017cy przela\u0107 przed rozpocz\u0119ciem konwentu na konto nr:<\/span><\/p>\n<p><b>02 1600 1462 1740 1093 4000 0002<\/b><\/p>\n<p><span style=\"font-weight: 400;\">adresat: Stowarzyszenie &#8222;Topory&#8221;<\/span><\/p>\n<p><span style=\"font-weight: 400;\">adres: Rawa Mazowiecka 96-200 ul. Mszczonowska 21<\/span><\/p>\n<p><span style=\"font-weight: 400;\">najp\u00f3\u017aniej do 3 lipca.<\/span><\/p>\n<p><span style=\"font-weight: 400;\">z tytu\u0142em &#8222;op\u0142ata za Orichalcum&#8221; oraz imieniem i nazwiskiem.<\/span><\/p>\n<p><b>UWAGA: Nie przyjmujemy op\u0142at na miejscu! Tylko osoby, kt\u00f3re op\u0142aci\u0142y akredytacj\u0119 przelewem, zostan\u0105 wpuszczone na teren konwentu.<\/b><\/p>\n<p>W tym roku r\u00f3wnie\u017c jest dost\u0119pna jednodniowa akredytacja w cenie 55 PLN!<\/p>\n<hr \/>\n<p>Je\u015bli za\u015b sytuacja pandemiczna wymusi na nas zmian\u0119 formy na on-line, nie musicie si\u0119 zapisywa\u0107 przez formularz, wystarczy, \u017ce klikniecie \u201cwezm\u0119 udzia\u0142\u201d na wydarzeniu\u00a0na <a href=\"https:\/\/www.facebook.com\/events\/583861270309421?active_tab=about\" target=\"_blank\" rel=\"noopener\">fb<\/a> &#x1f609;<\/p>\n<p>Oczywi\u015bcie, w formie onlinowej, nie ma te\u017c op\u0142at za konwent, wszystkie atrakcje s\u0105 darmowe &#x1f642;<strong>\u00a0<\/strong><\/p>\n<p><strong>KLAUZULA ZGODY NA PRZETWARZANIE DANYCH.<\/strong><\/p>\n<p>Zgadzam si\u0119 na przetwarzanie moich danych osobowych przez Stowarzyszenie Topory z siedzib\u0105 w Rawie Mazowieckiej, przy ul. Mszczonowskiej 21 w celu informowania poprzez dane podane w formularzu (g\u0142\u00f3wnie adres e-mail, nr telefonu oraz pozosta\u0142e) o rzeczach zwi\u0105zanych, b\u0105d\u017a bezpo\u015brednio niezb\u0119dnych do organizacji \u201eOrichalcum\u201d (konwentu mi\u0142o\u015bnik\u00f3w gier fabularnych i fantastyki, odbywaj\u0105cego si\u0119 w dniach 29 czerwca 1 lipca 2018 r. w le\u015bnicz\u00f3wce w G\u0142uchowie). Podanie danych jest dobrowolne. Podstaw\u0105 przetwarzania danych jest moja zgoda. Odbiorcami danych mog\u0105 by\u0107 podmioty zajmuj\u0105ce si\u0119 organizowaniem konwentu \u201eOrichalcum\u201d. Mam prawo wycofania zgody w dowolnym momencie. Dane osobowe b\u0119d\u0105 przetwarzane do momentu odwo\u0142ania zgody, a po odwo\u0142aniu wy\u0142\u0105cznie przez okres przedawnienia roszcze\u0144 przys\u0142uguj\u0105cych przez 7 dni i w stosunku do Stowarzyszenia Topory. Mam prawo \u017c\u0105dania od Stowarzyszenia Topory dost\u0119pu do moich danych osobowych, ich sprostowania, usuni\u0119cia lub ograniczenia przetwarzania, a tak\u017ce prawo wniesienia skargi do organu nadzorczego. W przypadku pyta\u0144 dotycz\u0105cych przetwarzania danych osobowych prosimy o kontakt pod adresem e-mail auraya@topory.org<\/p>\n","protected":false},"excerpt":{"rendered":"<p>Orichalcum jest konwentem p\u00f3\u0142otwartym tzn., \u017ce aby uzyska\u0107 wst\u0119p na konwent, nale\u017cy wype\u0142ni\u0107 formularz zg\u0142oszeniowy: LINK DO ZAPIS\u00d3W: https:\/\/forms.gle\/U8piw3bvaHARJ8nL6 Taka forma umo\u017cliwia organizatorom orientacje, co do liczby konwentowicz\u00f3w, co jest konieczne, poniewa\u017c w odr\u00f3\u017cnieniu od wi\u0119kszo\u015bci konwent\u00f3w na naszym ka\u017cdy z uczestnik\u00f3w ma mo\u017cliwo\u015b\u0107 uczestniczy\u0107 w sesjach RPG, a co za tym idzie, organizatorzy musz\u0105 [&hellip;]<\/p>\n","protected":false},"author":1,"featured_media":1367,"parent":2,"menu_order":0,"comment_status":"closed","ping_status":"closed","template":"","meta":{"_et_pb_use_builder":"","_et_pb_old_content":"","_et_gb_content_width":"","jetpack_post_was_ever_published":false,"footnotes":""},"class_list":["post-85","page","type-page","status-publish","has-post-thumbnail","hentry"],"jetpack_sharing_enabled":true,"jetpack_shortlink":"https:\/\/wp.me\/P9WWGT-1n","jetpack-related-posts":[],"jetpack_likes_enabled":true,"_links":{"self":[{"href":"https:\/\/orichalcum.topory.org\/index.php\/wp-json\/wp\/v2\/pages\/85","targetHints":{"allow":["GET"]}}],"collection":[{"href":"https:\/\/orichalcum.topory.org\/index.php\/wp-json\/wp\/v2\/pages"}],"about":[{"href":"https:\/\/orichalcum.topory.org\/index.php\/wp-json\/wp\/v2\/types\/page"}],"author":[{"embeddable":true,"href":"https:\/\/orichalcum.topory.org\/index.php\/wp-json\/wp\/v2\/users\/1"}],"replies":[{"embeddable":true,"href":"https:\/\/orichalcum.topory.org\/index.php\/wp-json\/wp\/v2\/comments?post=85"}],"version-history":[{"count":45,"href":"https:\/\/orichalcum.topory.org\/index.php\/wp-json\/wp\/v2\/pages\/85\/revisions"}],"predecessor-version":[{"id":2676,"href":"https:\/\/orichalcum.topory.org\/index.php\/wp-json\/wp\/v2\/pages\/85\/revisions\/2676"}],"up":[{"embeddable":true,"href":"https:\/\/orichalcum.topory.org\/index.php\/wp-json\/wp\/v2\/pages\/2"}],"wp:featuredmedia":[{"embeddable":true,"href":"https:\/\/orichalcum.topory.org\/index.php\/wp-json\/wp\/v2\/media\/1367"}],"wp:attachment":[{"href":"https:\/\/orichalcum.topory.org\/index.php\/wp-json\/wp\/v2\/media?parent=85"}],"curies":[{"name":"wp","href":"https:\/\/api.w.org\/{rel}","templated":true}]}}