{"id":75,"date":"2018-05-25T21:47:13","date_gmt":"2018-05-25T19:47:13","guid":{"rendered":"http:\/\/orichalcum.topory.org\/?page_id=75"},"modified":"2023-06-22T09:52:44","modified_gmt":"2023-06-22T07:52:44","slug":"termin-i-lokalizacja","status":"publish","type":"page","link":"https:\/\/orichalcum.topory.org\/index.php\/informacje\/termin-i-lokalizacja\/","title":{"rendered":"Termin i lokalizacja"},"content":{"rendered":"<p><span style=\"font-weight: 400;\">Orichalcum odb\u0119dzie si\u0119 w dniach <strong>7 &#8211; 9 lipca<\/strong> (pi\u0105tek-niedziela) 2023 na terenie le\u015bnicz\u00f3wki w miejscowo\u015bci G\u0142uch\u00f3w ko\u0142o Rawy Mazowieckiej. Jest ona malowniczo po\u0142o\u017cona na skraju lasu, 400m od rzeki Rawki. Dok\u0142adna mapa dojazdowa pokazuj\u0105ca jak dotrze\u0107 na Orichalcum opublikowana jest poni\u017cej.<\/span><\/p>\n<p><span style=\"font-weight: 400;\">Konwent ma charakter plenerowy, kt\u00f3rego du\u017ca cze\u015b\u0107 atrakcji odbywa si\u0119 na wolnym powietrzu ewentualnie w namiotach harcerskich. Nocleg odbywa si\u0119 pod namiotami, kt\u00f3re go\u015bcie musz\u0105 przywie\u017a\u0107 sobie sami, cho\u0107 z drugiej strony, kto sypia na konwencie\u2026<\/span><\/p>\n<p><span style=\"font-weight: 400;\">Dla uczestnik\u00f3w b\u0119d\u0105 dost\u0119pne toalety, prysznice z ciep\u0142\u0105 wod\u0105, pr\u0105d.<\/span><\/p>\n<p><img data-recalc-dims=\"1\" loading=\"lazy\" decoding=\"async\" data-attachment-id=\"1017\" data-permalink=\"https:\/\/orichalcum.topory.org\/index.php\/informacje\/termin-i-lokalizacja\/mapa01\/\" data-orig-file=\"https:\/\/i0.wp.com\/orichalcum.topory.org\/wp-content\/uploads\/2019\/01\/Mapa01.jpg?fit=1099%2C504&amp;ssl=1\" data-orig-size=\"1099,504\" data-comments-opened=\"1\" data-image-meta=\"{&quot;aperture&quot;:&quot;0&quot;,&quot;credit&quot;:&quot;&quot;,&quot;camera&quot;:&quot;&quot;,&quot;caption&quot;:&quot;&quot;,&quot;created_timestamp&quot;:&quot;0&quot;,&quot;copyright&quot;:&quot;&quot;,&quot;focal_length&quot;:&quot;0&quot;,&quot;iso&quot;:&quot;0&quot;,&quot;shutter_speed&quot;:&quot;0&quot;,&quot;title&quot;:&quot;&quot;,&quot;orientation&quot;:&quot;0&quot;}\" data-image-title=\"Mapa01\" data-image-description=\"\" data-image-caption=\"\" data-medium-file=\"https:\/\/i0.wp.com\/orichalcum.topory.org\/wp-content\/uploads\/2019\/01\/Mapa01.jpg?fit=300%2C138&amp;ssl=1\" data-large-file=\"https:\/\/i0.wp.com\/orichalcum.topory.org\/wp-content\/uploads\/2019\/01\/Mapa01.jpg?fit=1024%2C470&amp;ssl=1\" class=\"aligncenter size-full wp-image-1017\" src=\"https:\/\/i0.wp.com\/orichalcum.topory.org\/wp-content\/uploads\/2019\/01\/Mapa01.jpg?resize=1080%2C495\" alt=\"\" width=\"1080\" height=\"495\" srcset=\"https:\/\/i0.wp.com\/orichalcum.topory.org\/wp-content\/uploads\/2019\/01\/Mapa01.jpg?w=1099&amp;ssl=1 1099w, https:\/\/i0.wp.com\/orichalcum.topory.org\/wp-content\/uploads\/2019\/01\/Mapa01.jpg?resize=300%2C138&amp;ssl=1 300w, https:\/\/i0.wp.com\/orichalcum.topory.org\/wp-content\/uploads\/2019\/01\/Mapa01.jpg?resize=768%2C352&amp;ssl=1 768w, https:\/\/i0.wp.com\/orichalcum.topory.org\/wp-content\/uploads\/2019\/01\/Mapa01.jpg?resize=1024%2C470&amp;ssl=1 1024w\" sizes=\"(max-width: 1080px) 100vw, 1080px\" \/><\/p>\n<p><img data-recalc-dims=\"1\" loading=\"lazy\" decoding=\"async\" data-attachment-id=\"1018\" data-permalink=\"https:\/\/orichalcum.topory.org\/index.php\/informacje\/termin-i-lokalizacja\/mapa02\/\" data-orig-file=\"https:\/\/i0.wp.com\/orichalcum.topory.org\/wp-content\/uploads\/2019\/01\/Mapa02.jpg?fit=400%2C715&amp;ssl=1\" data-orig-size=\"400,715\" data-comments-opened=\"1\" data-image-meta=\"{&quot;aperture&quot;:&quot;0&quot;,&quot;credit&quot;:&quot;&quot;,&quot;camera&quot;:&quot;&quot;,&quot;caption&quot;:&quot;&quot;,&quot;created_timestamp&quot;:&quot;0&quot;,&quot;copyright&quot;:&quot;&quot;,&quot;focal_length&quot;:&quot;0&quot;,&quot;iso&quot;:&quot;0&quot;,&quot;shutter_speed&quot;:&quot;0&quot;,&quot;title&quot;:&quot;&quot;,&quot;orientation&quot;:&quot;0&quot;}\" data-image-title=\"Mapa02\" data-image-description=\"\" data-image-caption=\"\" data-medium-file=\"https:\/\/i0.wp.com\/orichalcum.topory.org\/wp-content\/uploads\/2019\/01\/Mapa02.jpg?fit=168%2C300&amp;ssl=1\" data-large-file=\"https:\/\/i0.wp.com\/orichalcum.topory.org\/wp-content\/uploads\/2019\/01\/Mapa02.jpg?fit=400%2C715&amp;ssl=1\" class=\"aligncenter size-full wp-image-1018\" src=\"https:\/\/i0.wp.com\/orichalcum.topory.org\/wp-content\/uploads\/2019\/01\/Mapa02.jpg?resize=400%2C715\" alt=\"\" width=\"400\" height=\"715\" srcset=\"https:\/\/i0.wp.com\/orichalcum.topory.org\/wp-content\/uploads\/2019\/01\/Mapa02.jpg?w=400&amp;ssl=1 400w, https:\/\/i0.wp.com\/orichalcum.topory.org\/wp-content\/uploads\/2019\/01\/Mapa02.jpg?resize=168%2C300&amp;ssl=1 168w\" sizes=\"(max-width: 400px) 100vw, 400px\" \/><\/p>\n<p>Je\u017celi sytuacja epidemiologiczna si\u0119 nie zmieni, i b\u0119dziemy zmuszeni odwo\u0142a\u0107 konwent na \u017cywo, zaprosimy Ci\u0119 na wydarzenie on-line, na naszym Discordowym serwerze.<\/p>\n<p style=\"text-align: center;\"><strong>Serwer Discord:<\/strong><\/p>\n<p style=\"text-align: center;\">https:\/\/discord.gg\/Sacr7sF<\/p>\n<p><img data-recalc-dims=\"1\" loading=\"lazy\" decoding=\"async\" data-attachment-id=\"1411\" data-permalink=\"https:\/\/orichalcum.topory.org\/index.php\/serwer-discord\/kod-qr-do-serwera-ori\/\" data-orig-file=\"https:\/\/i0.wp.com\/orichalcum.topory.org\/wp-content\/uploads\/2020\/05\/Kod-QR-do-serwera-Ori.png?fit=2257%2C2257&amp;ssl=1\" data-orig-size=\"2257,2257\" data-comments-opened=\"1\" data-image-meta=\"{&quot;aperture&quot;:&quot;0&quot;,&quot;credit&quot;:&quot;&quot;,&quot;camera&quot;:&quot;&quot;,&quot;caption&quot;:&quot;&quot;,&quot;created_timestamp&quot;:&quot;0&quot;,&quot;copyright&quot;:&quot;&quot;,&quot;focal_length&quot;:&quot;0&quot;,&quot;iso&quot;:&quot;0&quot;,&quot;shutter_speed&quot;:&quot;0&quot;,&quot;title&quot;:&quot;&quot;,&quot;orientation&quot;:&quot;0&quot;}\" data-image-title=\"Kod QR do serwera Ori\" data-image-description=\"\" data-image-caption=\"\" data-medium-file=\"https:\/\/i0.wp.com\/orichalcum.topory.org\/wp-content\/uploads\/2020\/05\/Kod-QR-do-serwera-Ori.png?fit=300%2C300&amp;ssl=1\" data-large-file=\"https:\/\/i0.wp.com\/orichalcum.topory.org\/wp-content\/uploads\/2020\/05\/Kod-QR-do-serwera-Ori.png?fit=1024%2C1024&amp;ssl=1\" class=\"aligncenter wp-image-1411\" src=\"https:\/\/i0.wp.com\/orichalcum.topory.org\/wp-content\/uploads\/2020\/05\/Kod-QR-do-serwera-Ori.png?resize=260%2C260\" alt=\"\" width=\"260\" height=\"260\" srcset=\"https:\/\/i0.wp.com\/orichalcum.topory.org\/wp-content\/uploads\/2020\/05\/Kod-QR-do-serwera-Ori.png?w=2257&amp;ssl=1 2257w, https:\/\/i0.wp.com\/orichalcum.topory.org\/wp-content\/uploads\/2020\/05\/Kod-QR-do-serwera-Ori.png?resize=150%2C150&amp;ssl=1 150w, https:\/\/i0.wp.com\/orichalcum.topory.org\/wp-content\/uploads\/2020\/05\/Kod-QR-do-serwera-Ori.png?resize=300%2C300&amp;ssl=1 300w, https:\/\/i0.wp.com\/orichalcum.topory.org\/wp-content\/uploads\/2020\/05\/Kod-QR-do-serwera-Ori.png?resize=768%2C768&amp;ssl=1 768w, https:\/\/i0.wp.com\/orichalcum.topory.org\/wp-content\/uploads\/2020\/05\/Kod-QR-do-serwera-Ori.png?resize=1024%2C1024&amp;ssl=1 1024w, https:\/\/i0.wp.com\/orichalcum.topory.org\/wp-content\/uploads\/2020\/05\/Kod-QR-do-serwera-Ori.png?w=2160 2160w\" sizes=\"(max-width: 260px) 100vw, 260px\" \/><\/p>\n<p>&nbsp;<\/p>\n","protected":false},"excerpt":{"rendered":"<p>Orichalcum odb\u0119dzie si\u0119 w dniach 7 &#8211; 9 lipca (pi\u0105tek-niedziela) 2023 na terenie le\u015bnicz\u00f3wki w miejscowo\u015bci G\u0142uch\u00f3w ko\u0142o Rawy Mazowieckiej. Jest ona malowniczo po\u0142o\u017cona na skraju lasu, 400m od rzeki Rawki. Dok\u0142adna mapa dojazdowa pokazuj\u0105ca jak dotrze\u0107 na Orichalcum opublikowana jest poni\u017cej. Konwent ma charakter plenerowy, kt\u00f3rego du\u017ca cze\u015b\u0107 atrakcji odbywa si\u0119 na wolnym powietrzu [&hellip;]<\/p>\n","protected":false},"author":1,"featured_media":53,"parent":2,"menu_order":0,"comment_status":"closed","ping_status":"closed","template":"","meta":{"_et_pb_use_builder":"","_et_pb_old_content":"","_et_gb_content_width":"","jetpack_post_was_ever_published":false,"footnotes":""},"class_list":["post-75","page","type-page","status-publish","has-post-thumbnail","hentry"],"jetpack_sharing_enabled":true,"jetpack_shortlink":"https:\/\/wp.me\/P9WWGT-1d","jetpack-related-posts":[],"jetpack_likes_enabled":true,"_links":{"self":[{"href":"https:\/\/orichalcum.topory.org\/index.php\/wp-json\/wp\/v2\/pages\/75","targetHints":{"allow":["GET"]}}],"collection":[{"href":"https:\/\/orichalcum.topory.org\/index.php\/wp-json\/wp\/v2\/pages"}],"about":[{"href":"https:\/\/orichalcum.topory.org\/index.php\/wp-json\/wp\/v2\/types\/page"}],"author":[{"embeddable":true,"href":"https:\/\/orichalcum.topory.org\/index.php\/wp-json\/wp\/v2\/users\/1"}],"replies":[{"embeddable":true,"href":"https:\/\/orichalcum.topory.org\/index.php\/wp-json\/wp\/v2\/comments?post=75"}],"version-history":[{"count":25,"href":"https:\/\/orichalcum.topory.org\/index.php\/wp-json\/wp\/v2\/pages\/75\/revisions"}],"predecessor-version":[{"id":2634,"href":"https:\/\/orichalcum.topory.org\/index.php\/wp-json\/wp\/v2\/pages\/75\/revisions\/2634"}],"up":[{"embeddable":true,"href":"https:\/\/orichalcum.topory.org\/index.php\/wp-json\/wp\/v2\/pages\/2"}],"wp:featuredmedia":[{"embeddable":true,"href":"https:\/\/orichalcum.topory.org\/index.php\/wp-json\/wp\/v2\/media\/53"}],"wp:attachment":[{"href":"https:\/\/orichalcum.topory.org\/index.php\/wp-json\/wp\/v2\/media?parent=75"}],"curies":[{"name":"wp","href":"https:\/\/api.w.org\/{rel}","templated":true}]}}