{"id":238,"date":"2018-05-27T16:30:04","date_gmt":"2018-05-27T14:30:04","guid":{"rendered":"http:\/\/orichalcum.topory.org\/?page_id=238"},"modified":"2021-06-15T19:05:19","modified_gmt":"2021-06-15T17:05:19","slug":"multisesja","status":"publish","type":"page","link":"https:\/\/orichalcum.topory.org\/index.php\/program\/multisesja\/","title":{"rendered":"Multisesja"},"content":{"rendered":"<p>Multisesja jest tym, co wyr\u00f3\u017cnia nasz konwent na tle innych. Czterech Mistrz\u00f3w Gry prowadzi r\u00f3wnolegle cztery sesje, powi\u0105zane fabularnie, wy\u0142aniaj\u0105c spo\u015br\u00f3d wszystkich uczestnik\u00f3w kilku \u015bmia\u0142k\u00f3w, kt\u00f3rzy, prowadzeni przez dw\u00f3ch Mistrz\u00f3w Gry, dokonaj\u0105 epickich czyn\u00f3w, by doprowadzi\u0107 do szcz\u0119\u015bliwego (albo i nie &#x1f609; ) zako\u0144czenia przygody. Multisesj\u0119 rozpoczyna mini LARP a ca\u0142o\u015b\u0107 jest najbardziej obleganym punktem programu.<\/p>\n<p>&nbsp;<\/p>\n<p><img data-recalc-dims=\"1\" loading=\"lazy\" decoding=\"async\" data-attachment-id=\"592\" data-permalink=\"https:\/\/orichalcum.topory.org\/?attachment_id=592\" data-orig-file=\"https:\/\/i0.wp.com\/orichalcum.topory.org\/wp-content\/uploads\/2018\/07\/DSC04427-1.jpg?fit=5152%2C3864&amp;ssl=1\" data-orig-size=\"5152,3864\" data-comments-opened=\"1\" data-image-meta=\"{&quot;aperture&quot;:&quot;3.4&quot;,&quot;credit&quot;:&quot;&quot;,&quot;camera&quot;:&quot;DSC-H400&quot;,&quot;caption&quot;:&quot;&quot;,&quot;created_timestamp&quot;:&quot;1530302787&quot;,&quot;copyright&quot;:&quot;Copyright 2009&quot;,&quot;focal_length&quot;:&quot;4.4&quot;,&quot;iso&quot;:&quot;400&quot;,&quot;shutter_speed&quot;:&quot;0.05&quot;,&quot;title&quot;:&quot;&quot;,&quot;orientation&quot;:&quot;1&quot;}\" data-image-title=\"DSC04427\" data-image-description=\"\" data-image-caption=\"\" data-medium-file=\"https:\/\/i0.wp.com\/orichalcum.topory.org\/wp-content\/uploads\/2018\/07\/DSC04427-1.jpg?fit=300%2C225&amp;ssl=1\" data-large-file=\"https:\/\/i0.wp.com\/orichalcum.topory.org\/wp-content\/uploads\/2018\/07\/DSC04427-1.jpg?fit=1024%2C768&amp;ssl=1\" class=\"aligncenter  wp-image-592\" src=\"https:\/\/i0.wp.com\/orichalcum.topory.org\/wp-content\/uploads\/2018\/07\/DSC04427-1.jpg?resize=311%2C233\" alt=\"\" width=\"311\" height=\"233\" srcset=\"https:\/\/i0.wp.com\/orichalcum.topory.org\/wp-content\/uploads\/2018\/07\/DSC04427-1.jpg?w=5152&amp;ssl=1 5152w, https:\/\/i0.wp.com\/orichalcum.topory.org\/wp-content\/uploads\/2018\/07\/DSC04427-1.jpg?resize=300%2C225&amp;ssl=1 300w, https:\/\/i0.wp.com\/orichalcum.topory.org\/wp-content\/uploads\/2018\/07\/DSC04427-1.jpg?resize=768%2C576&amp;ssl=1 768w, https:\/\/i0.wp.com\/orichalcum.topory.org\/wp-content\/uploads\/2018\/07\/DSC04427-1.jpg?resize=1024%2C768&amp;ssl=1 1024w, https:\/\/i0.wp.com\/orichalcum.topory.org\/wp-content\/uploads\/2018\/07\/DSC04427-1.jpg?w=2160 2160w, https:\/\/i0.wp.com\/orichalcum.topory.org\/wp-content\/uploads\/2018\/07\/DSC04427-1.jpg?w=3240 3240w\" sizes=\"(max-width: 311px) 100vw, 311px\" \/><\/p>\n","protected":false},"excerpt":{"rendered":"<p>Multisesja jest tym, co wyr\u00f3\u017cnia nasz konwent na tle innych. Czterech Mistrz\u00f3w Gry prowadzi r\u00f3wnolegle cztery sesje, powi\u0105zane fabularnie, wy\u0142aniaj\u0105c spo\u015br\u00f3d wszystkich uczestnik\u00f3w kilku \u015bmia\u0142k\u00f3w, kt\u00f3rzy, prowadzeni przez dw\u00f3ch Mistrz\u00f3w Gry, dokonaj\u0105 epickich czyn\u00f3w, by doprowadzi\u0107 do szcz\u0119\u015bliwego (albo i nie &#x1f609; ) zako\u0144czenia przygody. Multisesj\u0119 rozpoczyna mini LARP a ca\u0142o\u015b\u0107 jest najbardziej obleganym punktem [&hellip;]<\/p>\n","protected":false},"author":1,"featured_media":1367,"parent":159,"menu_order":0,"comment_status":"closed","ping_status":"closed","template":"","meta":{"_et_pb_use_builder":"","_et_pb_old_content":"","_et_gb_content_width":"","jetpack_post_was_ever_published":false,"footnotes":""},"class_list":["post-238","page","type-page","status-publish","has-post-thumbnail","hentry"],"jetpack_sharing_enabled":true,"jetpack_shortlink":"https:\/\/wp.me\/P9WWGT-3Q","jetpack-related-posts":[],"jetpack_likes_enabled":true,"_links":{"self":[{"href":"https:\/\/orichalcum.topory.org\/index.php\/wp-json\/wp\/v2\/pages\/238","targetHints":{"allow":["GET"]}}],"collection":[{"href":"https:\/\/orichalcum.topory.org\/index.php\/wp-json\/wp\/v2\/pages"}],"about":[{"href":"https:\/\/orichalcum.topory.org\/index.php\/wp-json\/wp\/v2\/types\/page"}],"author":[{"embeddable":true,"href":"https:\/\/orichalcum.topory.org\/index.php\/wp-json\/wp\/v2\/users\/1"}],"replies":[{"embeddable":true,"href":"https:\/\/orichalcum.topory.org\/index.php\/wp-json\/wp\/v2\/comments?post=238"}],"version-history":[{"count":13,"href":"https:\/\/orichalcum.topory.org\/index.php\/wp-json\/wp\/v2\/pages\/238\/revisions"}],"predecessor-version":[{"id":1746,"href":"https:\/\/orichalcum.topory.org\/index.php\/wp-json\/wp\/v2\/pages\/238\/revisions\/1746"}],"up":[{"embeddable":true,"href":"https:\/\/orichalcum.topory.org\/index.php\/wp-json\/wp\/v2\/pages\/159"}],"wp:featuredmedia":[{"embeddable":true,"href":"https:\/\/orichalcum.topory.org\/index.php\/wp-json\/wp\/v2\/media\/1367"}],"wp:attachment":[{"href":"https:\/\/orichalcum.topory.org\/index.php\/wp-json\/wp\/v2\/media?parent=238"}],"curies":[{"name":"wp","href":"https:\/\/api.w.org\/{rel}","templated":true}]}}