{"id":217,"date":"2018-05-27T14:33:09","date_gmt":"2018-05-27T12:33:09","guid":{"rendered":"http:\/\/orichalcum.topory.org\/?page_id=217"},"modified":"2023-06-22T09:55:03","modified_gmt":"2023-06-22T07:55:03","slug":"koordynatorzy","status":"publish","type":"page","link":"https:\/\/orichalcum.topory.org\/index.php\/informacje\/koordynatorzy\/","title":{"rendered":"Koordynatorzy"},"content":{"rendered":"<p style=\"text-align: center;\"><strong>Aleksandra 'Olivander&#8217; Zar\u0119ba<\/strong><\/p>\n<p style=\"text-align: center;\"><strong>koordynator g\u0142\u00f3wny<\/strong><\/p>\n<div class=\"text_exposed_show\">\n<p style=\"text-align: justify;\">&#8222;Ma dusz\u0119 T&#8217;skranga, ale serce Orka&#8221; tak mo\u017cna by j\u0105 okre\u015bli\u0107. Dusza T&#8217;skranga g\u0142\u00f3wnie przejawia si\u0119 byciem dusz\u0105 towarzystwa i gadatliwo\u015bci\u0105, a jak si\u0119 przyczepi, to pewnie spr\u00f3buje ci co\u015b sprzeda\u0107. Serce Orka, znaczy kocha\u0107 ca\u0142ym sob\u0105, a trudno znale\u017a\u0107 u niej inn\u0105 mi\u0142o\u015b\u0107 ni\u017c fantastyka, czy te\u017c po prostu czytanie. Graczka RPG, (powiedzmy) Mistrzyni Gry, a przy okazji jedna z pierwszych cz\u0142onki\u0144 G\u00f3rno\u015bl\u0105skiego Oddzia\u0142u Stowarzyszenia Topory i organizatorka jego pierwszego mini-konwentu \u015al\u0105skiego Weekendu RPG. Gdy trafi si\u0119 wolna chwila, szkoli si\u0119, by lepiej tworzy\u0107 dziwne ilustracje.<\/p>\n<p><img data-recalc-dims=\"1\" loading=\"lazy\" decoding=\"async\" data-attachment-id=\"2083\" data-permalink=\"https:\/\/orichalcum.topory.org\/index.php\/informacje\/koordynatorzy\/oliv\/\" data-orig-file=\"https:\/\/i0.wp.com\/orichalcum.topory.org\/wp-content\/uploads\/2022\/03\/Oliv.jpg?fit=675%2C662&amp;ssl=1\" data-orig-size=\"675,662\" data-comments-opened=\"1\" data-image-meta=\"{&quot;aperture&quot;:&quot;0&quot;,&quot;credit&quot;:&quot;&quot;,&quot;camera&quot;:&quot;&quot;,&quot;caption&quot;:&quot;&quot;,&quot;created_timestamp&quot;:&quot;0&quot;,&quot;copyright&quot;:&quot;&quot;,&quot;focal_length&quot;:&quot;0&quot;,&quot;iso&quot;:&quot;0&quot;,&quot;shutter_speed&quot;:&quot;0&quot;,&quot;title&quot;:&quot;&quot;,&quot;orientation&quot;:&quot;0&quot;}\" data-image-title=\"Oliv\" data-image-description=\"\" data-image-caption=\"\" data-medium-file=\"https:\/\/i0.wp.com\/orichalcum.topory.org\/wp-content\/uploads\/2022\/03\/Oliv.jpg?fit=300%2C294&amp;ssl=1\" data-large-file=\"https:\/\/i0.wp.com\/orichalcum.topory.org\/wp-content\/uploads\/2022\/03\/Oliv.jpg?fit=675%2C662&amp;ssl=1\" class=\"aligncenter wp-image-2083\" src=\"https:\/\/i0.wp.com\/orichalcum.topory.org\/wp-content\/uploads\/2022\/03\/Oliv.jpg?resize=374%2C366\" alt=\"\" width=\"374\" height=\"366\" srcset=\"https:\/\/i0.wp.com\/orichalcum.topory.org\/wp-content\/uploads\/2022\/03\/Oliv.jpg?w=675&amp;ssl=1 675w, https:\/\/i0.wp.com\/orichalcum.topory.org\/wp-content\/uploads\/2022\/03\/Oliv.jpg?resize=300%2C294&amp;ssl=1 300w\" sizes=\"(max-width: 374px) 100vw, 374px\" \/><\/p>\n<\/div>\n","protected":false},"excerpt":{"rendered":"<p>Aleksandra 'Olivander&#8217; Zar\u0119ba koordynator g\u0142\u00f3wny &#8222;Ma dusz\u0119 T&#8217;skranga, ale serce Orka&#8221; tak mo\u017cna by j\u0105 okre\u015bli\u0107. Dusza T&#8217;skranga g\u0142\u00f3wnie przejawia si\u0119 byciem dusz\u0105 towarzystwa i gadatliwo\u015bci\u0105, a jak si\u0119 przyczepi, to pewnie spr\u00f3buje ci co\u015b sprzeda\u0107. Serce Orka, znaczy kocha\u0107 ca\u0142ym sob\u0105, a trudno znale\u017a\u0107 u niej inn\u0105 mi\u0142o\u015b\u0107 ni\u017c fantastyka, czy te\u017c po prostu [&hellip;]<\/p>\n","protected":false},"author":1,"featured_media":1367,"parent":2,"menu_order":0,"comment_status":"closed","ping_status":"closed","template":"","meta":{"_et_pb_use_builder":"","_et_pb_old_content":"","_et_gb_content_width":"","jetpack_post_was_ever_published":false,"footnotes":""},"class_list":["post-217","page","type-page","status-publish","has-post-thumbnail","hentry"],"jetpack_sharing_enabled":true,"jetpack_shortlink":"https:\/\/wp.me\/P9WWGT-3v","jetpack-related-posts":[],"jetpack_likes_enabled":true,"_links":{"self":[{"href":"https:\/\/orichalcum.topory.org\/index.php\/wp-json\/wp\/v2\/pages\/217","targetHints":{"allow":["GET"]}}],"collection":[{"href":"https:\/\/orichalcum.topory.org\/index.php\/wp-json\/wp\/v2\/pages"}],"about":[{"href":"https:\/\/orichalcum.topory.org\/index.php\/wp-json\/wp\/v2\/types\/page"}],"author":[{"embeddable":true,"href":"https:\/\/orichalcum.topory.org\/index.php\/wp-json\/wp\/v2\/users\/1"}],"replies":[{"embeddable":true,"href":"https:\/\/orichalcum.topory.org\/index.php\/wp-json\/wp\/v2\/comments?post=217"}],"version-history":[{"count":18,"href":"https:\/\/orichalcum.topory.org\/index.php\/wp-json\/wp\/v2\/pages\/217\/revisions"}],"predecessor-version":[{"id":2636,"href":"https:\/\/orichalcum.topory.org\/index.php\/wp-json\/wp\/v2\/pages\/217\/revisions\/2636"}],"up":[{"embeddable":true,"href":"https:\/\/orichalcum.topory.org\/index.php\/wp-json\/wp\/v2\/pages\/2"}],"wp:featuredmedia":[{"embeddable":true,"href":"https:\/\/orichalcum.topory.org\/index.php\/wp-json\/wp\/v2\/media\/1367"}],"wp:attachment":[{"href":"https:\/\/orichalcum.topory.org\/index.php\/wp-json\/wp\/v2\/media?parent=217"}],"curies":[{"name":"wp","href":"https:\/\/api.w.org\/{rel}","templated":true}]}}