{"id":2,"date":"2018-05-25T12:17:38","date_gmt":"2018-05-25T10:17:38","guid":{"rendered":"http:\/\/orichalcum.topory.org\/?page_id=2"},"modified":"2022-04-09T02:03:34","modified_gmt":"2022-04-09T00:03:34","slug":"informacje","status":"publish","type":"page","link":"https:\/\/orichalcum.topory.org\/","title":{"rendered":"Informacje"},"content":{"rendered":"<p>[et_pb_section fb_built=&#8221;1&#8243; admin_label=&#8221;section&#8221; _builder_version=&#8221;4.16&#8243; global_colors_info=&#8221;{}&#8221; theme_builder_area=&#8221;initial_post_content&#8221;][et_pb_row admin_label=&#8221;row&#8221; _builder_version=&#8221;4.16&#8243; background_size=&#8221;initial&#8221; background_position=&#8221;top_left&#8221; background_repeat=&#8221;repeat&#8221; global_colors_info=&#8221;{}&#8221; theme_builder_area=&#8221;initial_post_content&#8221;][et_pb_column type=&#8221;4_4&#8243; _builder_version=&#8221;4.16&#8243; custom_padding=&#8221;|||&#8221; global_colors_info=&#8221;{}&#8221; custom_padding__hover=&#8221;|||&#8221; theme_builder_area=&#8221;initial_post_content&#8221;][et_pb_text admin_label=&#8221;Text&#8221; _builder_version=&#8221;4.16&#8243; background_size=&#8221;initial&#8221; background_position=&#8221;top_left&#8221; background_repeat=&#8221;repeat&#8221; global_colors_info=&#8221;{}&#8221; theme_builder_area=&#8221;initial_post_content&#8221;]<\/p>\n<h2 style=\"text-align: center;\">O konwencie<\/h2>\n<hr>\n<p><img data-recalc-dims=\"1\" loading=\"lazy\" decoding=\"async\" class=\"aligncenter\" src=\"https:\/\/i0.wp.com\/orichalcum.topory.org\/wp-content\/uploads\/2018\/05\/orichalcum2.png?resize=750%2C412\" alt=\"\" width=\"750\" height=\"412\"><\/p>\n<p style=\"text-align: justify;\"><b>Orichalcum<\/b> to konwent mi\u0142o\u015bnik\u00f3w <b>Earthdawna<\/b> tworzony przez pasjonat\u00f3w tego systemu. Ale nie oznacza to, \u017ce je\u015bli nie znasz ED nie powiniene\u015b na niego jecha\u0107. Wr\u0119cz przeciwnie. To idealna szansa na poznanie tego wyj\u0105tkowego systemu! Wi\u0119c nie zwlekaj tylko wype\u0142niaj formularz, rezerwuj termin i przyje\u017cd\u017caj.<\/p>\n<p style=\"text-align: justify;\">Dla uczestnik\u00f3w przewidziane s\u0105 konkursy z nagrodami, prelekcje, sesje, ognisko integracyjne oraz niesko\u0144czona ilo\u015b\u0107 dobrej zabawy. Liczymy, \u017ce w\u015br\u00f3d naszych go\u015bci znajdzie si\u0119 wielu wspania\u0142ych Mistrz\u00f3w Gry i fantastycznych Graczy, kt\u00f3rzy przez trzy dni b\u0119d\u0105 si\u0119 \u015bwietnie bawi\u0107 w swoim towarzystwie.<\/p>\n<p style=\"text-align: justify;\">Serdecznie zapraszamy na Orichalcum!<\/p>\n<hr>\n<p style=\"text-align: center;\">&nbsp;<\/p>\n<p>[\/et_pb_text][\/et_pb_column][\/et_pb_row][\/et_pb_section]<\/p>\n","protected":false},"excerpt":{"rendered":"<p>O konwencie Orichalcum to konwent mi\u0142o\u015bnik\u00f3w Earthdawna tworzony przez pasjonat\u00f3w tego systemu. Ale nie oznacza to, \u017ce je\u015bli nie znasz ED nie powiniene\u015b na niego jecha\u0107. Wr\u0119cz przeciwnie. To idealna szansa na poznanie tego wyj\u0105tkowego systemu! Wi\u0119c nie zwlekaj tylko wype\u0142niaj formularz, rezerwuj termin i przyje\u017cd\u017caj. Dla uczestnik\u00f3w przewidziane s\u0105 konkursy z nagrodami, prelekcje, sesje, [&hellip;]<\/p>\n","protected":false},"author":1,"featured_media":1367,"parent":0,"menu_order":0,"comment_status":"closed","ping_status":"closed","template":"","meta":{"_et_pb_use_builder":"on","_et_pb_old_content":"<h2 style=\"text-align: center;\">O konwencie<\/h2>\r\n\r\n<hr>\r\n\r\n<img class=\"aligncenter\" src=\"http:\/\/orichalcum.topory.org\/wp-content\/uploads\/2018\/05\/orichalcum2-1024x563.png\" alt=\"\" width=\"750\" height=\"412\">\r\n<p style=\"text-align: justify;\"><b>Orichalcum<\/b> to konwent mi\u0142o\u015bnik\u00f3w <b>Earthdawna<\/b> tworzony przez pasjonat\u00f3w tego systemu. Ale nie oznacza to, \u017ce je\u015bli nie znasz ED nie powiniene\u015b na niego jecha\u0107. Wr\u0119cz przeciwnie. To idealna szansa na poznanie tego wyj\u0105tkowego systemu! Wi\u0119c nie zwlekaj tylko wype\u0142niaj formularz, rezerwuj termin i przyje\u017cd\u017caj.<\/p>\r\n<p style=\"text-align: justify;\">Dla uczestnik\u00f3w przewidziane s\u0105 konkursy z nagrodami, prelekcje, sesje, ognisko integracyjne oraz niesko\u0144czona ilo\u015b\u0107 dobrej zabawy. Liczymy, \u017ce w\u015br\u00f3d naszych go\u015bci znajdzie si\u0119 wielu wspania\u0142ych Mistrz\u00f3w Gry i fantastycznych Graczy, kt\u00f3rzy przez trzy dni b\u0119d\u0105 si\u0119 \u015bwietnie bawi\u0107 w swoim towarzystwie.<\/p>\r\n<p style=\"text-align: justify;\">Serdecznie zapraszamy na Orichalcum!<\/p>\r\n\r\n\r\n<hr>\r\n<p style=\"text-align: center;\">&nbsp;<\/p>","_et_gb_content_width":"","jetpack_post_was_ever_published":false,"footnotes":""},"class_list":["post-2","page","type-page","status-publish","has-post-thumbnail","hentry"],"jetpack_sharing_enabled":true,"jetpack_shortlink":"https:\/\/wp.me\/P9WWGT-2","jetpack-related-posts":[],"jetpack_likes_enabled":true,"_links":{"self":[{"href":"https:\/\/orichalcum.topory.org\/index.php\/wp-json\/wp\/v2\/pages\/2","targetHints":{"allow":["GET"]}}],"collection":[{"href":"https:\/\/orichalcum.topory.org\/index.php\/wp-json\/wp\/v2\/pages"}],"about":[{"href":"https:\/\/orichalcum.topory.org\/index.php\/wp-json\/wp\/v2\/types\/page"}],"author":[{"embeddable":true,"href":"https:\/\/orichalcum.topory.org\/index.php\/wp-json\/wp\/v2\/users\/1"}],"replies":[{"embeddable":true,"href":"https:\/\/orichalcum.topory.org\/index.php\/wp-json\/wp\/v2\/comments?post=2"}],"version-history":[{"count":43,"href":"https:\/\/orichalcum.topory.org\/index.php\/wp-json\/wp\/v2\/pages\/2\/revisions"}],"predecessor-version":[{"id":2168,"href":"https:\/\/orichalcum.topory.org\/index.php\/wp-json\/wp\/v2\/pages\/2\/revisions\/2168"}],"wp:featuredmedia":[{"embeddable":true,"href":"https:\/\/orichalcum.topory.org\/index.php\/wp-json\/wp\/v2\/media\/1367"}],"wp:attachment":[{"href":"https:\/\/orichalcum.topory.org\/index.php\/wp-json\/wp\/v2\/media?parent=2"}],"curies":[{"name":"wp","href":"https:\/\/api.w.org\/{rel}","templated":true}]}}