{"id":165,"date":"2018-05-27T12:22:35","date_gmt":"2018-05-27T10:22:35","guid":{"rendered":"http:\/\/orichalcum.topory.org\/?page_id=165"},"modified":"2023-06-22T10:53:14","modified_gmt":"2023-06-22T08:53:14","slug":"zglos-punkt-programu","status":"publish","type":"page","link":"https:\/\/orichalcum.topory.org\/index.php\/program\/zglos-punkt-programu\/","title":{"rendered":"Zg\u0142o\u015b punkt programu"},"content":{"rendered":"<p style=\"text-align: center;\">Zapraszamy Ci\u0119 do wsp\u00f3\u0142tworzenia Orichalcum \ud83d\ude42<\/p>\n<p style=\"text-align: center;\">LINK DO ZG\u0141ASZANIA PROGRAMU: <a class=\"x1i10hfl xjbqb8w x6umtig x1b1mbwd xaqea5y xav7gou x9f619 x1ypdohk xt0psk2 xe8uvvx xdj266r x11i5rnm xat24cr x1mh8g0r xexx8yu x4uap5 x18d9i69 xkhd6sd x16tdsg8 x1hl2dhg xggy1nq x1a2a7pz xt0b8zv x1fey0fg\" tabindex=\"0\" role=\"link\" href=\"https:\/\/forms.gle\/m8B6fX7rQbHYTcTY6?fbclid=IwAR0SdG7v_oQAsoQkVrWybMafFxGhGgkqZUH8Bvz-6A7So-S4cVci2THBQJI\" target=\"_blank\" rel=\"nofollow noopener noreferrer\">https:\/\/forms.gle\/m8B6fX7rQbHYTcTY6<\/a><\/p>\n<p style=\"text-align: center;\">\n<p style=\"text-align: justify;\"><span style=\"font-size: 10pt;\"><strong>KLAUZULA ZGODY NA PRZETWARZANIE DANYCH.<\/strong> <\/span><\/p>\n<p style=\"text-align: justify;\"><span style=\"font-size: 10pt;\">Zgadzam si\u0119 na przetwarzanie moich danych osobowych przez Stowarzyszenie Topory z siedzib\u0105 w Rawie Mazowieckiej, przy ul. Mszczonowskiej 21 w celu informowania poprzez dane podane w formularzu (g\u0142\u00f3wnie adres e-mail, nr telefonu oraz pozosta\u0142e) o rzeczach zwi\u0105zanych, b\u0105d\u017a bezpo\u015brednio niezb\u0119dnych do organizacji \u201eOrichalcum\u201d (konwentu mi\u0142o\u015bnik\u00f3w gier fabularnych i fantastyki, odbywaj\u0105cego si\u0119 w dniach 29 czerwca 1 lipca 2018 r. w le\u015bnicz\u00f3wce w G\u0142uchowie). Podanie danych jest dobrowolne. Podstaw\u0105 przetwarzania danych jest moja zgoda. Odbiorcami danych mog\u0105 by\u0107 podmioty zajmuj\u0105ce si\u0119 organizowaniem konwentu \u201eOrichalcum\u201d. Mam prawo wycofania zgody w dowolnym momencie. Dane osobowe b\u0119d\u0105 przetwarzane do momentu odwo\u0142ania zgody, a po odwo\u0142aniu wy\u0142\u0105cznie przez okres przedawnienia roszcze\u0144 przys\u0142uguj\u0105cych przez 7 dni i w stosunku do Stowarzyszenia Topory. Mam prawo \u017c\u0105dania od Stowarzyszenia Topory dost\u0119pu do moich danych osobowych, ich sprostowania, usuni\u0119cia lub ograniczenia przetwarzania, a tak\u017ce prawo wniesienia skargi do organu nadzorczego. W przypadku pyta\u0144 dotycz\u0105cych przetwarzania danych osobowych prosimy o kontakt pod adresem e-mail auraya@topory.org<\/span><\/p>\n","protected":false},"excerpt":{"rendered":"<p>Zapraszamy Ci\u0119 do wsp\u00f3\u0142tworzenia Orichalcum \ud83d\ude42 LINK DO ZG\u0141ASZANIA PROGRAMU: https:\/\/forms.gle\/m8B6fX7rQbHYTcTY6 KLAUZULA ZGODY NA PRZETWARZANIE DANYCH. Zgadzam si\u0119 na przetwarzanie moich danych osobowych przez Stowarzyszenie Topory z siedzib\u0105 w Rawie Mazowieckiej, przy ul. Mszczonowskiej 21 w celu informowania poprzez dane podane w formularzu (g\u0142\u00f3wnie adres e-mail, nr telefonu oraz pozosta\u0142e) o rzeczach zwi\u0105zanych, b\u0105d\u017a bezpo\u015brednio [&hellip;]<\/p>\n","protected":false},"author":1,"featured_media":1367,"parent":159,"menu_order":0,"comment_status":"closed","ping_status":"closed","template":"","meta":{"_et_pb_use_builder":"","_et_pb_old_content":"","_et_gb_content_width":"","jetpack_post_was_ever_published":false,"footnotes":""},"class_list":["post-165","page","type-page","status-publish","has-post-thumbnail","hentry"],"jetpack_sharing_enabled":true,"jetpack_shortlink":"https:\/\/wp.me\/P9WWGT-2F","jetpack-related-posts":[],"jetpack_likes_enabled":true,"_links":{"self":[{"href":"https:\/\/orichalcum.topory.org\/index.php\/wp-json\/wp\/v2\/pages\/165","targetHints":{"allow":["GET"]}}],"collection":[{"href":"https:\/\/orichalcum.topory.org\/index.php\/wp-json\/wp\/v2\/pages"}],"about":[{"href":"https:\/\/orichalcum.topory.org\/index.php\/wp-json\/wp\/v2\/types\/page"}],"author":[{"embeddable":true,"href":"https:\/\/orichalcum.topory.org\/index.php\/wp-json\/wp\/v2\/users\/1"}],"replies":[{"embeddable":true,"href":"https:\/\/orichalcum.topory.org\/index.php\/wp-json\/wp\/v2\/comments?post=165"}],"version-history":[{"count":16,"href":"https:\/\/orichalcum.topory.org\/index.php\/wp-json\/wp\/v2\/pages\/165\/revisions"}],"predecessor-version":[{"id":2660,"href":"https:\/\/orichalcum.topory.org\/index.php\/wp-json\/wp\/v2\/pages\/165\/revisions\/2660"}],"up":[{"embeddable":true,"href":"https:\/\/orichalcum.topory.org\/index.php\/wp-json\/wp\/v2\/pages\/159"}],"wp:featuredmedia":[{"embeddable":true,"href":"https:\/\/orichalcum.topory.org\/index.php\/wp-json\/wp\/v2\/media\/1367"}],"wp:attachment":[{"href":"https:\/\/orichalcum.topory.org\/index.php\/wp-json\/wp\/v2\/media?parent=165"}],"curies":[{"name":"wp","href":"https:\/\/api.w.org\/{rel}","templated":true}]}}