{"id":139,"date":"2018-05-27T11:50:28","date_gmt":"2018-05-27T09:50:28","guid":{"rendered":"http:\/\/orichalcum.topory.org\/?page_id=139"},"modified":"2021-01-25T20:56:52","modified_gmt":"2021-01-25T19:56:52","slug":"co-zabrac","status":"publish","type":"page","link":"https:\/\/orichalcum.topory.org\/index.php\/informacje\/co-zabrac\/","title":{"rendered":"Co przygotowa\u0107?"},"content":{"rendered":"\n<h3 style=\"text-align: center;\">Dobry humor i wolny czas.<\/h3>\n<p style=\"text-align: center;\">A do kompletu przyda Wam si\u0119&#8230;<\/p>\n<p>Je\u015bli spotkamy si\u0119 <strong>na \u017cywo<\/strong>:<\/p>\n<ul>\n<li style=\"font-weight: 400;\" aria-level=\"1\"><span style=\"font-weight: 400;\">Namiot, karimata, \u015bpiw\u00f3r itp. akcesoria potrzebne do spania w terenie.<\/span><\/li>\n<li style=\"font-weight: 400;\" aria-level=\"1\"><span style=\"font-weight: 400;\">Organizatorzy zapewniaj\u0105 pewn\u0105 ograniczon\u0105 ilo\u015b\u0107 takich podstawowych produkt\u00f3w jak: kawa, herbata, chleb czy woda mineralna. Produkty na pozosta\u0142e posi\u0142ki trzeba zabra\u0107 ze sob\u0105. Polecamy kie\u0142bas\u0119 i inne smako\u0142yki, kt\u00f3re mo\u017cna przyrz\u0105dza\u0107 przy ognisku.<\/span><\/li>\n<li style=\"font-weight: 400;\" aria-level=\"1\"><span style=\"font-weight: 400;\">Miska i sztu\u0107ce potrzebne do konsumowania gor\u0105cych posi\u0142k\u00f3w.<\/span><\/li>\n<li style=\"font-weight: 400;\" aria-level=\"1\"><span style=\"font-weight: 400;\">Wszystkie rzeczy potrzebne do gry, czyli kostki, o\u0142\u00f3wki, d\u0142ugopisy, notesy itd.<\/span><\/li>\n<li style=\"font-weight: 400;\" aria-level=\"1\"><span style=\"font-weight: 400;\">\u015arodki przeciwko owadom.<\/span><\/li>\n<\/ul>\n<p>Je\u015bli za\u015b us\u0142yszymy si\u0119 <strong>on-line<\/strong>:<\/p>\n<ol>\n<li><span style=\"font-weight: 400;\">konto discord i roll20* (platformy na kt\u00f3rych prowadz\u0105 MG zale\u017c\u0105 od nich, ale zach\u0119camy do prowadzenia na tych, kt\u00f3re nie wymagaj\u0105 dodatkowej instalacji)<\/span><\/li>\n<li><span style=\"font-weight: 400;\">mikrofon\/s\u0142uchawki (\u017ceby unikn\u0105\u0107 przebi\u0107)<\/span><\/li>\n<li><span style=\"font-weight: 400;\">kamerka (opcjonalnie)<\/span><\/li>\n<\/ol>\n<p>*je\u015bli nie grali\u015bcie nigdy on-line mo\u017cecie zapozna\u0107 si\u0119 z kr\u00f3tkim poradnikiem &gt;<strong><a href=\"https:\/\/aurayablog.wordpress.com\/2020\/03\/22\/jak-grac-online-w-rpgi\/\">tutaj<\/a><\/strong>&lt;<\/p>\n","protected":false},"excerpt":{"rendered":"","protected":false},"author":1,"featured_media":1367,"parent":2,"menu_order":0,"comment_status":"closed","ping_status":"closed","template":"","meta":{"_et_pb_use_builder":"","_et_pb_old_content":"","_et_gb_content_width":"","jetpack_post_was_ever_published":false,"footnotes":""},"class_list":["post-139","page","type-page","status-publish","has-post-thumbnail","hentry"],"jetpack_sharing_enabled":true,"jetpack_shortlink":"https:\/\/wp.me\/P9WWGT-2f","jetpack-related-posts":[],"jetpack_likes_enabled":true,"_links":{"self":[{"href":"https:\/\/orichalcum.topory.org\/index.php\/wp-json\/wp\/v2\/pages\/139","targetHints":{"allow":["GET"]}}],"collection":[{"href":"https:\/\/orichalcum.topory.org\/index.php\/wp-json\/wp\/v2\/pages"}],"about":[{"href":"https:\/\/orichalcum.topory.org\/index.php\/wp-json\/wp\/v2\/types\/page"}],"author":[{"embeddable":true,"href":"https:\/\/orichalcum.topory.org\/index.php\/wp-json\/wp\/v2\/users\/1"}],"replies":[{"embeddable":true,"href":"https:\/\/orichalcum.topory.org\/index.php\/wp-json\/wp\/v2\/comments?post=139"}],"version-history":[{"count":7,"href":"https:\/\/orichalcum.topory.org\/index.php\/wp-json\/wp\/v2\/pages\/139\/revisions"}],"predecessor-version":[{"id":1599,"href":"https:\/\/orichalcum.topory.org\/index.php\/wp-json\/wp\/v2\/pages\/139\/revisions\/1599"}],"up":[{"embeddable":true,"href":"https:\/\/orichalcum.topory.org\/index.php\/wp-json\/wp\/v2\/pages\/2"}],"wp:featuredmedia":[{"embeddable":true,"href":"https:\/\/orichalcum.topory.org\/index.php\/wp-json\/wp\/v2\/media\/1367"}],"wp:attachment":[{"href":"https:\/\/orichalcum.topory.org\/index.php\/wp-json\/wp\/v2\/media?parent=139"}],"curies":[{"name":"wp","href":"https:\/\/api.w.org\/{rel}","templated":true}]}}